{"id":6791,"date":"2024-04-15T09:23:12","date_gmt":"2024-04-15T07:23:12","guid":{"rendered":"https:\/\/fcbuetschwil.ch\/neu\/?page_id=6791"},"modified":"2024-04-15T09:45:56","modified_gmt":"2024-04-15T07:45:56","slug":"ff-toggenburg","status":"publish","type":"page","link":"https:\/\/fcbuetschwil.ch\/neu\/ff-toggenburg\/","title":{"rendered":"FF Toggenburg"},"content":{"rendered":"\t\t<div data-elementor-type=\"wp-page\" data-elementor-id=\"6791\" class=\"elementor elementor-6791\">\n\t\t\t\t\t\t\t\t\t<section class=\"elementor-section elementor-top-section elementor-element elementor-element-7ddc elementor-section-height-min-height elementor-reverse-mobile elementor-section-stretched simple-header elementor-section-boxed elementor-section-height-default elementor-section-items-middle\" data-id=\"7ddc\" data-element_type=\"section\" data-settings=\"{&quot;background_background&quot;:&quot;classic&quot;,&quot;stretch_section&quot;:&quot;section-stretched&quot;,&quot;background_motion_fx_motion_fx_mouse&quot;:&quot;yes&quot;}\">\n\t\t\t\t\t\t\t<div class=\"elementor-background-overlay\"><\/div>\n\t\t\t\t\t\t\t<div class=\"elementor-container elementor-column-gap-no\">\n\t\t\t\t\t<div class=\"elementor-column elementor-col-50 elementor-top-column elementor-element elementor-element-2205\" data-id=\"2205\" data-element_type=\"column\">\n\t\t\t<div class=\"elementor-widget-wrap elementor-element-populated\">\n\t\t\t\t\t\t\t\t<div class=\"elementor-element elementor-element-675f elementor-widget elementor-widget-heading\" data-id=\"675f\" data-element_type=\"widget\" data-widget_type=\"heading.default\">\n\t\t\t\t<div class=\"elementor-widget-container\">\n\t\t\t<style>\/*! elementor - v3.7.7 - 20-09-2022 *\/\n.elementor-heading-title{padding:0;margin:0;line-height:1}.elementor-widget-heading .elementor-heading-title[class*=elementor-size-]>a{color:inherit;font-size:inherit;line-height:inherit}.elementor-widget-heading .elementor-heading-title.elementor-size-small{font-size:15px}.elementor-widget-heading .elementor-heading-title.elementor-size-medium{font-size:19px}.elementor-widget-heading .elementor-heading-title.elementor-size-large{font-size:29px}.elementor-widget-heading .elementor-heading-title.elementor-size-xl{font-size:39px}.elementor-widget-heading .elementor-heading-title.elementor-size-xxl{font-size:59px}<\/style><h2 class=\"elementor-heading-title elementor-size-default\">FF Toggenburg<\/h2>\t\t<\/div>\n\t\t\t\t<\/div>\n\t\t\t\t\t<\/div>\n\t\t<\/div>\n\t\t\t\t<div class=\"elementor-column elementor-col-50 elementor-top-column elementor-element elementor-element-4d40\" data-id=\"4d40\" data-element_type=\"column\">\n\t\t\t<div class=\"elementor-widget-wrap\">\n\t\t\t\t\t\t\t\t\t<\/div>\n\t\t<\/div>\n\t\t\t\t\t\t\t<\/div>\n\t\t<\/section>\n\t\t\t\t<section class=\"elementor-section elementor-top-section elementor-element elementor-element-bdd31a3 elementor-section-boxed elementor-section-height-default elementor-section-height-default\" data-id=\"bdd31a3\" data-element_type=\"section\">\n\t\t\t\t\t\t<div class=\"elementor-container elementor-column-gap-default\">\n\t\t\t\t\t<div class=\"elementor-column elementor-col-100 elementor-top-column elementor-element elementor-element-8f0e6a0\" data-id=\"8f0e6a0\" data-element_type=\"column\">\n\t\t\t<div class=\"elementor-widget-wrap elementor-element-populated\">\n\t\t\t\t\t\t\t\t<div class=\"elementor-element elementor-element-4fafe25 elementor-widget elementor-widget-image\" data-id=\"4fafe25\" data-element_type=\"widget\" data-widget_type=\"image.default\">\n\t\t\t\t<div class=\"elementor-widget-container\">\n\t\t\t<style>\/*! elementor - v3.7.7 - 20-09-2022 *\/\n.elementor-widget-image{text-align:center}.elementor-widget-image a{display:inline-block}.elementor-widget-image a img[src$=\".svg\"]{width:48px}.elementor-widget-image img{vertical-align:middle;display:inline-block}<\/style>\t\t\t\t\t\t\t\t\t\t\t\t<img src=\"https:\/\/fcbuetschwil.ch\/neu\/wp-content\/uploads\/elementor\/thumbs\/ff-toggenburg-logo-qu8wkh9xso6ud1a116dj92f71izpb37xbxzn0h2z9c.png\" title=\"ff-toggenburg logo\" alt=\"ff-toggenburg logo\" \/>\t\t\t\t\t\t\t\t\t\t\t\t\t\t\t<\/div>\n\t\t\t\t<\/div>\n\t\t\t\t<div class=\"elementor-element elementor-element-ae35850 elementor-widget elementor-widget-text-editor\" data-id=\"ae35850\" data-element_type=\"widget\" data-widget_type=\"text-editor.default\">\n\t\t\t\t<div class=\"elementor-widget-container\">\n\t\t\t<style>\/*! elementor - v3.7.7 - 20-09-2022 *\/\n.elementor-widget-text-editor.elementor-drop-cap-view-stacked .elementor-drop-cap{background-color:#818a91;color:#fff}.elementor-widget-text-editor.elementor-drop-cap-view-framed .elementor-drop-cap{color:#818a91;border:3px solid;background-color:transparent}.elementor-widget-text-editor:not(.elementor-drop-cap-view-default) .elementor-drop-cap{margin-top:8px}.elementor-widget-text-editor:not(.elementor-drop-cap-view-default) .elementor-drop-cap-letter{width:1em;height:1em}.elementor-widget-text-editor .elementor-drop-cap{float:left;text-align:center;line-height:1;font-size:50px}.elementor-widget-text-editor .elementor-drop-cap-letter{display:inline-block}<\/style>\t\t\t\t<p>Die FF Toggenburg ist eine Gruppierung der Frauenabteilungen aus vier Toggenburger FussballVereinen. M\u00e4dchen und Frauen aus dem FC Ebnat-Kappel, dem FC Wattwil, dem FC B\u00fctschwil und dem FC Kirchberg geh\u00f6ren dieser Gruppierung an. Der Frauenfussball erfreut sich zunehmender Beliebtheit, mittlerweile z\u00e4hlen wir 5 Juniorinnen-Mannschaften (2x FF12, 2x FF15 und 1x FF19) und 3 Aktivmannschaften (2. Liga, 3. Liga und 4. Liga). Das sind ca. 160 Frauen und M\u00e4dchen aus dem Toggenburg, die Fussball spielen.<\/p>\n<p>Ins Leben gerufen wurde die FF Toggenburg im Sommer 2019 aus Mangel an Personal. Es wurde zunehmend schwieriger bei den Juniorinnen in allen Kategorien eine Mannschaft zu stellen. Mithilfe des Zusammenschlusses bei den Juniorinnen vom FC Kirchberg, dem FC B\u00fctschwil und dem FC Ebnat-Kappel konnten wir den Frauenfussball st\u00e4rken und so dies wieder gew\u00e4hrleisten. Entgegen unseren Bef\u00fcrchtungen f\u00fchlten sich die Juniorinnen sehr schnell wohl und starteten sehr gut in die Meisterschaft. In der Saison 20\/21 konnten die FF19 sogar den Titel als Cupsieger feiern, was sicher eine Folge der Gruppierung war.<\/p>\n<p>Schwierig gestaltete sich nachher der \u00dcbergang zu den Aktiven, da die ehemaligen Juniorinnen sich wieder trennen mussten und pl\u00f6tzlich zu \u00abGegnern\u00bb wurden. Deshalb starteten wir im Sommer 21 ein \u00abPilotprojekt\u00bb und wir wagten die Aktivgruppierung zwischen dem FC Kirchberg und dem FC B\u00fctschwil. Wir hatten so die M\u00f6glichkeit einander auszuhelfen, blieben aber zu Beginn mehrheitlich eigenst\u00e4ndig. Seit dem Sommer 23 geh\u00f6rt dieser Gruppierung erfreulicherweise auch der FC Ebnat-Kappel und der FC Wattwil an. F\u00fcr die Juniorinnen verf\u00fcgen wir so eine sehr komfortable Ausgangslage. Beim Wechsel zu den Aktiven hat es f\u00fcr jede Juniorin eine Mannschaft, die Ihrem Niveau entspricht.<\/p>\n<p>Sportliche Ziele sind mit der 1. Mannschaft eine \u00abLeistungsmannschaft\u00bb zu haben, die 2. und 3. Mannschaft soll den jungen Spielerinnen als Sprungbrett dienen oder jenen Spielerinnen mit weniger Ambitionen eine M\u00f6glichkeit bieten ihrem Hobby nachzugehen. Bei den Juniorinnen stehen neben Spass und Freude eine alters- und f\u00e4higkeitsgerechte Ausbildung im Vordergrund. Jetzt m\u00f6chten wir vermehrt als \u00abEinheit\u00bb auftreten. Ein grosses Ziel f\u00fcrs 2024 ist eine Identifizierung mit dieser Gruppierung \u00fcber alle Altersklassen. Seit dem Sommer 23 verf\u00fcgen wir \u00fcber ein gemeinsames Leitbild und ein eigenes Logo. Trainiert wird mittlerweile an allen 4 Standorten, je nach Anzahl der Mannschaftsmitglieder, Trainer und Trainingsm\u00f6glichkeiten. Dies bedingt immer wieder Flexibilit\u00e4t von allen Seiten. Wir sind stolz, dass die FF Toggenburg von Einzelk\u00e4mpfern zu einer tollen Truppe zusammengewachsen ist, die sich \u00fcber die Mannschaften hinaus respektiert und unterst\u00fctzt. Mit einer gemeinsamen Bekleidung m\u00f6chten wir diesen Schritt noch untermauern und auch klar ersichtlich machen.<\/p>\n<p>\u00dcber all dem steht der Mannschaftssport, welcher einfach eine tolle Freizeitbesch\u00e4ftigung bietet und oft Br\u00fccken und Freundschaften f\u00fcrs Leben baut \u2026 sch\u00f6n, wenn die FF Toggenburg f\u00fcr m\u00f6glichst viele M\u00e4dchen und Frauen so ein Ort sein kann, mit dem sie sich identifizieren k\u00f6nnen.<\/p>\t\t\t\t\t\t<\/div>\n\t\t\t\t<\/div>\n\t\t\t\t\t<\/div>\n\t\t<\/div>\n\t\t\t\t\t\t\t<\/div>\n\t\t<\/section>\n\t\t\t\t<section class=\"elementor-section elementor-top-section elementor-element elementor-element-87f9527 elementor-section-height-min-height elementor-section-content-bottom elementor-section-boxed elementor-section-height-default elementor-section-items-middle\" data-id=\"87f9527\" data-element_type=\"section\">\n\t\t\t\t\t\t<div class=\"elementor-container elementor-column-gap-default\">\n\t\t\t\t\t<div class=\"elementor-column elementor-col-33 elementor-top-column elementor-element elementor-element-0c43f28\" data-id=\"0c43f28\" data-element_type=\"column\">\n\t\t\t<div class=\"elementor-widget-wrap elementor-element-populated\">\n\t\t\t\t\t\t\t\t<div class=\"elementor-element elementor-element-9616f7c elementor-view-framed elementor-shape-circle elementor-widget elementor-widget-icon\" data-id=\"9616f7c\" data-element_type=\"widget\" data-widget_type=\"icon.default\">\n\t\t\t\t<div class=\"elementor-widget-container\">\n\t\t\t\t\t<div class=\"elementor-icon-wrapper\">\n\t\t\t<a class=\"elementor-icon\" href=\"https:\/\/fcbuetschwil.ch\/neu\/wp-content\/uploads\/2024\/04\/FF-Toggenburg_Leitbild_2023-24.pdf\" target=\"_blank\">\n\t\t\t<svg aria-hidden=\"true\" class=\"e-font-icon-svg e-far-file-pdf\"><use xlink:href=\"#far-file-pdf\" \/><\/svg>\t\t\t<\/a>\n\t\t<\/div>\n\t\t\t\t<\/div>\n\t\t\t\t<\/div>\n\t\t\t\t<div class=\"elementor-element elementor-element-1ff9756 elementor-widget elementor-widget-text-editor\" data-id=\"1ff9756\" data-element_type=\"widget\" data-widget_type=\"text-editor.default\">\n\t\t\t\t<div class=\"elementor-widget-container\">\n\t\t\t\t\t\t\t<p style=\"text-align: center;\"><b>Leitbild<\/b><\/p>\t\t\t\t\t\t<\/div>\n\t\t\t\t<\/div>\n\t\t\t\t\t<\/div>\n\t\t<\/div>\n\t\t\t\t<div class=\"elementor-column elementor-col-33 elementor-top-column elementor-element elementor-element-0ec6670\" data-id=\"0ec6670\" data-element_type=\"column\">\n\t\t\t<div class=\"elementor-widget-wrap elementor-element-populated\">\n\t\t\t\t\t\t\t\t<div class=\"elementor-element elementor-element-90f7bf7 elementor-view-framed elementor-shape-circle elementor-widget elementor-widget-icon\" data-id=\"90f7bf7\" data-element_type=\"widget\" data-widget_type=\"icon.default\">\n\t\t\t\t<div class=\"elementor-widget-container\">\n\t\t\t\t\t<div class=\"elementor-icon-wrapper\">\n\t\t\t<a class=\"elementor-icon\" href=\"https:\/\/fcbuetschwil.ch\/neu\/wp-content\/uploads\/2024\/04\/FF-Toggenburg_Trainingshandbuch_2023-24.pdf\" target=\"_blank\">\n\t\t\t<svg aria-hidden=\"true\" class=\"e-font-icon-svg e-far-file-pdf\"><use xlink:href=\"#far-file-pdf\" \/><\/svg>\t\t\t<\/a>\n\t\t<\/div>\n\t\t\t\t<\/div>\n\t\t\t\t<\/div>\n\t\t\t\t<div class=\"elementor-element elementor-element-881e574 elementor-widget elementor-widget-text-editor\" data-id=\"881e574\" data-element_type=\"widget\" data-widget_type=\"text-editor.default\">\n\t\t\t\t<div class=\"elementor-widget-container\">\n\t\t\t\t\t\t\t<p style=\"text-align: center;\"><strong>Trainingshandbuch<\/strong><\/p>\t\t\t\t\t\t<\/div>\n\t\t\t\t<\/div>\n\t\t\t\t\t<\/div>\n\t\t<\/div>\n\t\t\t\t<div class=\"elementor-column elementor-col-33 elementor-top-column elementor-element elementor-element-9c9e9b3\" data-id=\"9c9e9b3\" data-element_type=\"column\">\n\t\t\t<div class=\"elementor-widget-wrap elementor-element-populated\">\n\t\t\t\t\t\t\t\t<div class=\"elementor-element elementor-element-a30040f elementor-view-framed elementor-shape-circle elementor-widget elementor-widget-icon\" data-id=\"a30040f\" data-element_type=\"widget\" data-widget_type=\"icon.default\">\n\t\t\t\t<div class=\"elementor-widget-container\">\n\t\t\t\t\t<div class=\"elementor-icon-wrapper\">\n\t\t\t<a class=\"elementor-icon\" href=\"https:\/\/fcbuetschwil.ch\/neu\/wp-content\/uploads\/2024\/04\/FF-Toggenburg_Elterninfo_2023-24.pdf\" target=\"_blank\">\n\t\t\t<svg aria-hidden=\"true\" class=\"e-font-icon-svg e-far-file-pdf\"><use xlink:href=\"#far-file-pdf\" \/><\/svg>\t\t\t<\/a>\n\t\t<\/div>\n\t\t\t\t<\/div>\n\t\t\t\t<\/div>\n\t\t\t\t<div class=\"elementor-element elementor-element-a4f0a5c elementor-widget elementor-widget-text-editor\" data-id=\"a4f0a5c\" data-element_type=\"widget\" data-widget_type=\"text-editor.default\">\n\t\t\t\t<div class=\"elementor-widget-container\">\n\t\t\t\t\t\t\t<p style=\"text-align: center;\"><b>Elterninfo<\/b><\/p>\t\t\t\t\t\t<\/div>\n\t\t\t\t<\/div>\n\t\t\t\t\t<\/div>\n\t\t<\/div>\n\t\t\t\t\t\t\t<\/div>\n\t\t<\/section>\n\t\t\t\t\t\t\t<\/div>\n\t\t","protected":false},"excerpt":{"rendered":"<p>FF Toggenburg Die FF Toggenburg ist eine Gruppierung der Frauenabteilungen aus vier Toggenburger FussballVereinen. M\u00e4dchen und Frauen aus dem FC Ebnat-Kappel, dem FC Wattwil, dem FC B\u00fctschwil und dem FC Kirchberg geh\u00f6ren dieser Gruppierung an. Der Frauenfussball erfreut sich zunehmender Beliebtheit, mittlerweile z\u00e4hlen wir 5 Juniorinnen-Mannschaften (2x FF12, 2x FF15 und 1x FF19) und 3&hellip;&nbsp;<a href=\"https:\/\/fcbuetschwil.ch\/neu\/ff-toggenburg\/\" class=\"\" rel=\"bookmark\">Weiterlesen &raquo;<span class=\"screen-reader-text\">FF Toggenburg<\/span><\/a><\/p>\n","protected":false},"author":1,"featured_media":0,"parent":0,"menu_order":0,"comment_status":"closed","ping_status":"closed","template":"page-templates\/template-pagebuilder-full-width.php","meta":{"inline_featured_image":false,"_mi_skip_tracking":false,"kia_subtitle":"","neve_meta_sidebar":"full-width","neve_meta_container":"","neve_meta_enable_content_width":"on","neve_meta_content_width":100,"neve_meta_title_alignment":"","neve_meta_author_avatar":"","neve_post_elements_order":"","neve_meta_disable_header":"","neve_meta_disable_footer":"","neve_meta_disable_title":""},"_links":{"self":[{"href":"https:\/\/fcbuetschwil.ch\/neu\/wp-json\/wp\/v2\/pages\/6791"}],"collection":[{"href":"https:\/\/fcbuetschwil.ch\/neu\/wp-json\/wp\/v2\/pages"}],"about":[{"href":"https:\/\/fcbuetschwil.ch\/neu\/wp-json\/wp\/v2\/types\/page"}],"author":[{"embeddable":true,"href":"https:\/\/fcbuetschwil.ch\/neu\/wp-json\/wp\/v2\/users\/1"}],"replies":[{"embeddable":true,"href":"https:\/\/fcbuetschwil.ch\/neu\/wp-json\/wp\/v2\/comments?post=6791"}],"version-history":[{"count":11,"href":"https:\/\/fcbuetschwil.ch\/neu\/wp-json\/wp\/v2\/pages\/6791\/revisions"}],"predecessor-version":[{"id":6808,"href":"https:\/\/fcbuetschwil.ch\/neu\/wp-json\/wp\/v2\/pages\/6791\/revisions\/6808"}],"wp:attachment":[{"href":"https:\/\/fcbuetschwil.ch\/neu\/wp-json\/wp\/v2\/media?parent=6791"}],"curies":[{"name":"wp","href":"https:\/\/api.w.org\/{rel}","templated":true}]}}