{"id":1589,"date":"2021-09-13T07:46:14","date_gmt":"2021-09-13T05:46:14","guid":{"rendered":"https:\/\/fcbuetschwil.ch\/neu\/?page_id=1589"},"modified":"2026-04-13T22:28:30","modified_gmt":"2026-04-13T20:28:30","slug":"ehrenmitglieder","status":"publish","type":"page","link":"https:\/\/fcbuetschwil.ch\/neu\/ehrenmitglieder\/","title":{"rendered":"Ehrenmitglieder"},"content":{"rendered":"\t\t<div data-elementor-type=\"wp-page\" data-elementor-id=\"1589\" class=\"elementor elementor-1589\">\n\t\t\t\t\t\t\t\t\t<section class=\"elementor-section elementor-top-section elementor-element elementor-element-5cf6 elementor-section-height-min-height elementor-reverse-mobile elementor-section-stretched simple-header elementor-section-boxed elementor-section-height-default elementor-section-items-middle\" data-id=\"5cf6\" data-element_type=\"section\" data-settings=\"{&quot;background_background&quot;:&quot;classic&quot;,&quot;stretch_section&quot;:&quot;section-stretched&quot;,&quot;background_motion_fx_motion_fx_mouse&quot;:&quot;yes&quot;}\">\n\t\t\t\t\t\t\t<div class=\"elementor-background-overlay\"><\/div>\n\t\t\t\t\t\t\t<div class=\"elementor-container elementor-column-gap-no\">\n\t\t\t\t\t<div class=\"elementor-column elementor-col-50 elementor-top-column elementor-element elementor-element-3428\" data-id=\"3428\" data-element_type=\"column\">\n\t\t\t<div class=\"elementor-widget-wrap elementor-element-populated\">\n\t\t\t\t\t\t\t\t<div class=\"elementor-element elementor-element-a88 elementor-widget elementor-widget-heading\" data-id=\"a88\" data-element_type=\"widget\" data-widget_type=\"heading.default\">\n\t\t\t\t<div class=\"elementor-widget-container\">\n\t\t\t<style>\/*! elementor - v3.7.7 - 20-09-2022 *\/\n.elementor-heading-title{padding:0;margin:0;line-height:1}.elementor-widget-heading .elementor-heading-title[class*=elementor-size-]>a{color:inherit;font-size:inherit;line-height:inherit}.elementor-widget-heading .elementor-heading-title.elementor-size-small{font-size:15px}.elementor-widget-heading .elementor-heading-title.elementor-size-medium{font-size:19px}.elementor-widget-heading .elementor-heading-title.elementor-size-large{font-size:29px}.elementor-widget-heading .elementor-heading-title.elementor-size-xl{font-size:39px}.elementor-widget-heading .elementor-heading-title.elementor-size-xxl{font-size:59px}<\/style><h2 class=\"elementor-heading-title elementor-size-default\">Ehrenmitglieder<\/h2>\t\t<\/div>\n\t\t\t\t<\/div>\n\t\t\t\t\t<\/div>\n\t\t<\/div>\n\t\t\t\t<div class=\"elementor-column elementor-col-50 elementor-top-column elementor-element elementor-element-3ddc\" data-id=\"3ddc\" data-element_type=\"column\">\n\t\t\t<div class=\"elementor-widget-wrap\">\n\t\t\t\t\t\t\t\t\t<\/div>\n\t\t<\/div>\n\t\t\t\t\t\t\t<\/div>\n\t\t<\/section>\n\t\t\t\t<section class=\"elementor-section elementor-top-section elementor-element elementor-element-8c61237 elementor-section-boxed elementor-section-height-default elementor-section-height-default\" data-id=\"8c61237\" data-element_type=\"section\">\n\t\t\t\t\t\t<div class=\"elementor-container elementor-column-gap-default\">\n\t\t\t\t\t<div class=\"elementor-column elementor-col-100 elementor-top-column elementor-element elementor-element-fc4c490\" data-id=\"fc4c490\" data-element_type=\"column\">\n\t\t\t<div class=\"elementor-widget-wrap elementor-element-populated\">\n\t\t\t\t\t\t\t\t<div class=\"elementor-element elementor-element-0edbacf elementor-widget__width-initial elementor-widget elementor-widget-timeline-widget-addon\" data-id=\"0edbacf\" data-element_type=\"widget\" data-settings=\"{&quot;motion_fx_motion_fx_scrolling&quot;:&quot;yes&quot;,&quot;motion_fx_devices&quot;:[&quot;desktop&quot;,&quot;tablet&quot;,&quot;mobile&quot;]}\" data-widget_type=\"timeline-widget-addon.default\">\n\t\t\t\t<div class=\"elementor-widget-container\">\n\t\t\t<!-- ========= Timeline Widget Addon For Elementor 1.4 ========= -->\r\n<div id=\"twae-wrapper-0edbacf\" class=\"twae-vertical twae-wrapper  twae-both-sided \">   \r\n    <div class=\"twae-start\"><\/div>    \r\n    <div id=\"twea-timeline-0edbacf\" class=\"twae-timeline\" ><div id=\"story-6271e41\" class=\"twae-story twae-repeater-item twae-story-right twae-story-icon\">\r\n                <div class=\"twae-labels\" ><div class=\"twae-label-big\">2025<\/div><\/div><div class=\"twae-icon\"><svg aria-hidden=\"true\" class=\"e-font-icon-svg e-fas-user\"><use xlink:href=\"#fas-user\" \/><\/svg><\/div><div class=\"twae-arrow\"><\/div><div class=\"twae-content\"><div class=\"twae-title\">Michael Wipr\u00e4chtiger<\/div><div class=\"twae-description\"><\/div>\r\n                <\/div>\r\n        <\/div><div id=\"story-244d8e5\" class=\"twae-story twae-repeater-item twae-story-left twae-story-icon\">\r\n                <div class=\"twae-labels\" ><div class=\"twae-label-big\">2022<\/div><\/div><div class=\"twae-icon\"><svg aria-hidden=\"true\" class=\"e-font-icon-svg e-fas-user\"><use xlink:href=\"#fas-user\" \/><\/svg><\/div><div class=\"twae-arrow\"><\/div><div class=\"twae-content\"><div class=\"twae-title\">Beni Stillhart<\/div><div class=\"twae-description\"><\/div>\r\n                <\/div>\r\n        <\/div><div id=\"story-2e8fd5e\" class=\"twae-story twae-repeater-item twae-story-right twae-story-icon\">\r\n                <div class=\"twae-labels\" ><div class=\"twae-label-big\">2022<\/div><\/div><div class=\"twae-icon\"><svg aria-hidden=\"true\" class=\"e-font-icon-svg e-fas-user\"><use xlink:href=\"#fas-user\" \/><\/svg><\/div><div class=\"twae-arrow\"><\/div><div class=\"twae-content\"><div class=\"twae-title\">Andreas Hagmann<\/div><div class=\"twae-description\"><\/div>\r\n                <\/div>\r\n        <\/div><div id=\"story-aeb03a8\" class=\"twae-story twae-repeater-item twae-story-left twae-story-icon\">\r\n                <div class=\"twae-labels\" ><div class=\"twae-label-big\">2022<\/div><\/div><div class=\"twae-icon\"><svg aria-hidden=\"true\" class=\"e-font-icon-svg e-fas-user\"><use xlink:href=\"#fas-user\" \/><\/svg><\/div><div class=\"twae-arrow\"><\/div><div class=\"twae-content\"><div class=\"twae-title\">Stefan Giger<\/div><div class=\"twae-description\"><\/div>\r\n                <\/div>\r\n        <\/div><div id=\"story-fc1ec17\" class=\"twae-story twae-repeater-item twae-story-right twae-story-icon\">\r\n                <div class=\"twae-labels\" ><div class=\"twae-label-big\">2019<\/div><\/div><div class=\"twae-icon\"><svg aria-hidden=\"true\" class=\"e-font-icon-svg e-fas-user\"><use xlink:href=\"#fas-user\" \/><\/svg><\/div><div class=\"twae-arrow\"><\/div><div class=\"twae-content\"><div class=\"twae-title\">Christoph Ziegler<\/div><div class=\"twae-description\"><\/div>\r\n                <\/div>\r\n        <\/div><div id=\"story-9eb08ed\" class=\"twae-story twae-repeater-item twae-story-left twae-story-icon\">\r\n                <div class=\"twae-labels\" ><div class=\"twae-label-big\">2018<\/div><\/div><div class=\"twae-icon\"><svg aria-hidden=\"true\" class=\"e-font-icon-svg e-fas-user\"><use xlink:href=\"#fas-user\" \/><\/svg><\/div><div class=\"twae-arrow\"><\/div><div class=\"twae-content\"><div class=\"twae-title\">Gaby Hasler<\/div><div class=\"twae-description\"><\/div>\r\n                <\/div>\r\n        <\/div><div id=\"story-b340e42\" class=\"twae-story twae-repeater-item twae-story-right twae-story-icon\">\r\n                <div class=\"twae-labels\" ><div class=\"twae-label-big\">2015<\/div><\/div><div class=\"twae-icon\"><svg aria-hidden=\"true\" class=\"e-font-icon-svg e-fas-user\"><use xlink:href=\"#fas-user\" \/><\/svg><\/div><div class=\"twae-arrow\"><\/div><div class=\"twae-content\"><div class=\"twae-title\">Adrian Gm\u00fcr<\/div><div class=\"twae-description\"><\/div>\r\n                <\/div>\r\n        <\/div><div id=\"story-b4114eb\" class=\"twae-story twae-repeater-item twae-story-left twae-story-icon\">\r\n                <div class=\"twae-labels\" ><div class=\"twae-label-big\">2015<\/div><\/div><div class=\"twae-icon\"><svg aria-hidden=\"true\" class=\"e-font-icon-svg e-fas-user\"><use xlink:href=\"#fas-user\" \/><\/svg><\/div><div class=\"twae-arrow\"><\/div><div class=\"twae-content\"><div class=\"twae-title\">Pius B\u00fcrge<\/div><div class=\"twae-description\"><\/div>\r\n                <\/div>\r\n        <\/div><div id=\"story-98ba2e2\" class=\"twae-story twae-repeater-item twae-story-right twae-story-icon\">\r\n                <div class=\"twae-labels\" ><div class=\"twae-label-big\">2013<\/div><\/div><div class=\"twae-icon\"><svg aria-hidden=\"true\" class=\"e-font-icon-svg e-fas-user\"><use xlink:href=\"#fas-user\" \/><\/svg><\/div><div class=\"twae-arrow\"><\/div><div class=\"twae-content\"><div class=\"twae-title\">Fidel Fischbacher<\/div><div class=\"twae-description\"><\/div>\r\n                <\/div>\r\n        <\/div><div id=\"story-7610a02\" class=\"twae-story twae-repeater-item twae-story-left twae-story-icon\">\r\n                <div class=\"twae-labels\" ><div class=\"twae-label-big\">2010<\/div><\/div><div class=\"twae-icon\"><svg aria-hidden=\"true\" class=\"e-font-icon-svg e-fas-user\"><use xlink:href=\"#fas-user\" \/><\/svg><\/div><div class=\"twae-arrow\"><\/div><div class=\"twae-content\"><div class=\"twae-title\">Peter Hollenstein<\/div><div class=\"twae-description\"><\/div>\r\n                <\/div>\r\n        <\/div><div id=\"story-b019a34\" class=\"twae-story twae-repeater-item twae-story-right twae-story-icon\">\r\n                <div class=\"twae-labels\" ><div class=\"twae-label-big\">2009<\/div><\/div><div class=\"twae-icon\"><svg aria-hidden=\"true\" class=\"e-font-icon-svg e-fas-user\"><use xlink:href=\"#fas-user\" \/><\/svg><\/div><div class=\"twae-arrow\"><\/div><div class=\"twae-content\"><div class=\"twae-title\">Hanspeter Hollenstein<\/div><div class=\"twae-description\"><\/div>\r\n                <\/div>\r\n        <\/div><div id=\"story-c95b37c\" class=\"twae-story twae-repeater-item twae-story-left twae-story-icon\">\r\n                <div class=\"twae-labels\" ><div class=\"twae-label-big\">2008<\/div><\/div><div class=\"twae-icon\"><svg aria-hidden=\"true\" class=\"e-font-icon-svg e-fas-user\"><use xlink:href=\"#fas-user\" \/><\/svg><\/div><div class=\"twae-arrow\"><\/div><div class=\"twae-content\"><div class=\"twae-title\">Roli Schmid<\/div><div class=\"twae-description\"><\/div>\r\n                <\/div>\r\n        <\/div><div id=\"story-c8ad58e\" class=\"twae-story twae-repeater-item twae-story-right twae-story-icon\">\r\n                <div class=\"twae-labels\" ><div class=\"twae-label-big\">2006<\/div><\/div><div class=\"twae-icon\"><svg aria-hidden=\"true\" class=\"e-font-icon-svg e-fas-user\"><use xlink:href=\"#fas-user\" \/><\/svg><\/div><div class=\"twae-arrow\"><\/div><div class=\"twae-content\"><div class=\"twae-title\">Max Bl\u00f6chliger jun.<\/div><div class=\"twae-description\"><\/div>\r\n                <\/div>\r\n        <\/div><div id=\"story-2c066ea\" class=\"twae-story twae-repeater-item twae-story-left twae-story-icon\">\r\n                <div class=\"twae-labels\" ><div class=\"twae-label-big\">2006<\/div><\/div><div class=\"twae-icon\"><svg aria-hidden=\"true\" class=\"e-font-icon-svg e-fas-user\"><use xlink:href=\"#fas-user\" \/><\/svg><\/div><div class=\"twae-arrow\"><\/div><div class=\"twae-content\"><div class=\"twae-title\">Martin Raschle<\/div><div class=\"twae-description\"><\/div>\r\n                <\/div>\r\n        <\/div><div id=\"story-20d7497\" class=\"twae-story twae-repeater-item twae-story-right twae-story-icon\">\r\n                <div class=\"twae-labels\" ><div class=\"twae-label-big\">2005<\/div><\/div><div class=\"twae-icon\"><svg aria-hidden=\"true\" class=\"e-font-icon-svg e-fas-user\"><use xlink:href=\"#fas-user\" \/><\/svg><\/div><div class=\"twae-arrow\"><\/div><div class=\"twae-content\"><div class=\"twae-title\">Noldi Hasler<\/div><div class=\"twae-description\"><\/div>\r\n                <\/div>\r\n        <\/div><div id=\"story-1ef4a5d\" class=\"twae-story twae-repeater-item twae-story-left twae-story-icon\">\r\n                <div class=\"twae-labels\" ><div class=\"twae-label-big\">2003<\/div><\/div><div class=\"twae-icon\"><svg aria-hidden=\"true\" class=\"e-font-icon-svg e-fas-user\"><use xlink:href=\"#fas-user\" \/><\/svg><\/div><div class=\"twae-arrow\"><\/div><div class=\"twae-content\"><div class=\"twae-title\">Bruno Bischof<\/div><div class=\"twae-description\"><\/div>\r\n                <\/div>\r\n        <\/div><div id=\"story-f9db6c0\" class=\"twae-story twae-repeater-item twae-story-right twae-story-icon\">\r\n                <div class=\"twae-labels\" ><div class=\"twae-label-big\">2001<\/div><\/div><div class=\"twae-icon\"><svg aria-hidden=\"true\" class=\"e-font-icon-svg e-fas-user\"><use xlink:href=\"#fas-user\" \/><\/svg><\/div><div class=\"twae-arrow\"><\/div><div class=\"twae-content\"><div class=\"twae-title\">Kurt Bossert<\/div><div class=\"twae-description\"><\/div>\r\n                <\/div>\r\n        <\/div><div id=\"story-bee9708\" class=\"twae-story twae-repeater-item twae-story-left twae-story-icon\">\r\n                <div class=\"twae-labels\" ><div class=\"twae-label-big\">1994<\/div><\/div><div class=\"twae-icon\"><svg aria-hidden=\"true\" class=\"e-font-icon-svg e-fas-user\"><use xlink:href=\"#fas-user\" \/><\/svg><\/div><div class=\"twae-arrow\"><\/div><div class=\"twae-content\"><div class=\"twae-title\">Albert Seiler (\u271e)<\/div><div class=\"twae-description\"><\/div>\r\n                <\/div>\r\n        <\/div><div id=\"story-1f34933\" class=\"twae-story twae-repeater-item twae-story-right twae-story-icon\">\r\n                <div class=\"twae-labels\" ><div class=\"twae-label-big\">1990<\/div><\/div><div class=\"twae-icon\"><svg aria-hidden=\"true\" class=\"e-font-icon-svg e-fas-user\"><use xlink:href=\"#fas-user\" \/><\/svg><\/div><div class=\"twae-arrow\"><\/div><div class=\"twae-content\"><div class=\"twae-title\">Tony Stillhart (\u271e)<\/div><div class=\"twae-description\"><\/div>\r\n                <\/div>\r\n        <\/div><div id=\"story-a8f9561\" class=\"twae-story twae-repeater-item twae-story-left twae-story-icon\">\r\n                <div class=\"twae-labels\" ><div class=\"twae-label-big\">1983<\/div><\/div><div class=\"twae-icon\"><svg aria-hidden=\"true\" class=\"e-font-icon-svg e-fas-user\"><use xlink:href=\"#fas-user\" \/><\/svg><\/div><div class=\"twae-arrow\"><\/div><div class=\"twae-content\"><div class=\"twae-title\">Herbert Strassmann<\/div><div class=\"twae-description\"><\/div>\r\n                <\/div>\r\n        <\/div><div id=\"story-687de3d\" class=\"twae-story twae-repeater-item twae-story-right twae-story-icon\">\r\n                <div class=\"twae-labels\" ><div class=\"twae-label-big\">1976<\/div><\/div><div class=\"twae-icon\"><svg aria-hidden=\"true\" class=\"e-font-icon-svg e-fas-user\"><use xlink:href=\"#fas-user\" \/><\/svg><\/div><div class=\"twae-arrow\"><\/div><div class=\"twae-content\"><div class=\"twae-title\">Walter Gr\u00e4miger (\u271e)<\/div><div class=\"twae-description\"><\/div>\r\n                <\/div>\r\n        <\/div><div id=\"story-4394324\" class=\"twae-story twae-repeater-item twae-story-left twae-story-icon\">\r\n                <div class=\"twae-labels\" ><div class=\"twae-label-big\">1976<\/div><\/div><div class=\"twae-icon\"><svg aria-hidden=\"true\" class=\"e-font-icon-svg e-fas-user\"><use xlink:href=\"#fas-user\" \/><\/svg><\/div><div class=\"twae-arrow\"><\/div><div class=\"twae-content\"><div class=\"twae-title\">Kurt R\u00f6singer (\u271e)<\/div><div class=\"twae-description\"><\/div>\r\n                <\/div>\r\n        <\/div><div id=\"story-83f548c\" class=\"twae-story twae-repeater-item twae-story-right twae-story-icon\">\r\n                <div class=\"twae-labels\" ><div class=\"twae-label-big\">1976<\/div><\/div><div class=\"twae-icon\"><svg aria-hidden=\"true\" class=\"e-font-icon-svg e-fas-user\"><use xlink:href=\"#fas-user\" \/><\/svg><\/div><div class=\"twae-arrow\"><\/div><div class=\"twae-content\"><div class=\"twae-title\">Max Bl\u00f6chliger sen. (\u271e)<\/div><div class=\"twae-description\"><ul><li>\u00a0<\/li><\/ul><\/div>\r\n                <\/div>\r\n        <\/div><\/div>\r\n    <div class=\"twae-end\"><\/div>\r\n    <\/div><style type=\"text\/css\"><\/style>\t\t<\/div>\n\t\t\t\t<\/div>\n\t\t\t\t\t<\/div>\n\t\t<\/div>\n\t\t\t\t\t\t\t<\/div>\n\t\t<\/section>\n\t\t\t\t\t\t\t<\/div>\n\t\t","protected":false},"excerpt":{"rendered":"<p>Ehrenmitglieder 2025Michael Wipr\u00e4chtiger 2022Beni Stillhart 2022Andreas Hagmann 2022Stefan Giger 2019Christoph Ziegler 2018Gaby Hasler 2015Adrian Gm\u00fcr 2015Pius B\u00fcrge 2013Fidel Fischbacher 2010Peter Hollenstein 2009Hanspeter Hollenstein 2008Roli Schmid 2006Max Bl\u00f6chliger jun. 2006Martin Raschle 2005Noldi Hasler 2003Bruno Bischof 2001Kurt Bossert 1994Albert Seiler (\u271e) 1990Tony Stillhart (\u271e) 1983Herbert Strassmann 1976Walter Gr\u00e4miger (\u271e) 1976Kurt R\u00f6singer (\u271e) 1976Max Bl\u00f6chliger sen. (\u271e) \u00a0<\/p>\n","protected":false},"author":1,"featured_media":0,"parent":0,"menu_order":0,"comment_status":"closed","ping_status":"closed","template":"elementor_header_footer","meta":{"inline_featured_image":false,"_mi_skip_tracking":false,"kia_subtitle":"","neve_meta_sidebar":"full-width","neve_meta_container":"","neve_meta_enable_content_width":"on","neve_meta_content_width":100,"neve_meta_title_alignment":"","neve_meta_author_avatar":"","neve_post_elements_order":"","neve_meta_disable_header":"","neve_meta_disable_footer":"","neve_meta_disable_title":""},"_links":{"self":[{"href":"https:\/\/fcbuetschwil.ch\/neu\/wp-json\/wp\/v2\/pages\/1589"}],"collection":[{"href":"https:\/\/fcbuetschwil.ch\/neu\/wp-json\/wp\/v2\/pages"}],"about":[{"href":"https:\/\/fcbuetschwil.ch\/neu\/wp-json\/wp\/v2\/types\/page"}],"author":[{"embeddable":true,"href":"https:\/\/fcbuetschwil.ch\/neu\/wp-json\/wp\/v2\/users\/1"}],"replies":[{"embeddable":true,"href":"https:\/\/fcbuetschwil.ch\/neu\/wp-json\/wp\/v2\/comments?post=1589"}],"version-history":[{"count":66,"href":"https:\/\/fcbuetschwil.ch\/neu\/wp-json\/wp\/v2\/pages\/1589\/revisions"}],"predecessor-version":[{"id":8957,"href":"https:\/\/fcbuetschwil.ch\/neu\/wp-json\/wp\/v2\/pages\/1589\/revisions\/8957"}],"wp:attachment":[{"href":"https:\/\/fcbuetschwil.ch\/neu\/wp-json\/wp\/v2\/media?parent=1589"}],"curies":[{"name":"wp","href":"https:\/\/api.w.org\/{rel}","templated":true}]}}